{"id":23324,"date":"2026-03-01T19:15:47","date_gmt":"2026-03-01T16:15:47","guid":{"rendered":"https:\/\/gautora.lt\/?post_type=product&#038;p=23324"},"modified":"2026-03-19T13:44:07","modified_gmt":"2026-03-19T10:44:07","slug":"nauja-nudazyta-sparno-apacia-desine-puse","status":"publish","type":"product","link":"https:\/\/gautora.lt\/ru\/nauja-nudazyta-sparno-apacia-desine-puse\/","title":{"rendered":"Nauja nuda\u017eyta sparno apa\u010dia de\u0161in\u0117 pus\u0117"},"content":{"rendered":"<section class=\"wpb-content-wrapper\"><div class=\"vc_row wpb_row vc_row-fluid et_custom_uniqid_69e1073a15fab\"><div class=\"wpb_column vc_column_container vc_col-sm-12 et_custom_uniqid_69e1073a15f0b\"><div class=\"vc_column-inner\"><div class=\"wpb_wrapper\">\n\t<div class=\"wpb_text_column wpb_content_element\" >\n\t\t<div class=\"wpb_wrapper\">\n\t\t\t<table style=\"font-family: -apple-system, BlinkMacSystemFont,;\">\n<tbody>\n<tr>\n<th><b>\u041d\u043e\u043c\u0435\u0440 OEM<\/b><\/th>\n<th><b>\u041f\u043e\u0434\u0445\u043e\u0434\u0438\u0442 \u0434\u043b\u044f \u0430\u0432\u0442\u043e\u043c\u043e\u0431\u0438\u043b\u0435\u0439<\/b><\/th>\n<\/tr>\n<tr>\n<td>A9108802900<\/td>\n<td>MERCEDES-BENZ<\/td>\n<\/tr>\n<tr>\n<td>9108802900<\/td>\n<td>MERCEDES-BENZ<\/td>\n<\/tr>\n<\/tbody>\n<\/table>\n\n\t\t<\/div>\n\t<\/div>\n<\/div><\/div><\/div><\/div>\n<\/section>","protected":false},"excerpt":{"rendered":"<p>\u0422\u043e\u0440\u0433\u043e\u0432\u0430\u044f \u043c\u0430\u0440\u043a\u0430: GAUTORA<br \/>\nPrek\u0117s kodas: M70L-009 DA\u017d<br \/>\n\u0414\u043e\u0441\u0442\u0430\u0432\u043a\u0430: 1-3 \u0434\u043d\u044f<\/p>","protected":false},"featured_media":23329,"template":"","meta":{"om_disable_all_campaigns":false,"inline_featured_image":false,"_mi_skip_tracking":false},"etheme_brands":[],"product_cat":[356,108,111,345],"product_tag":[],"aioseo_notices":[],"jetpack_sharing_enabled":true,"_links":{"self":[{"href":"https:\/\/gautora.lt\/ru\/wp-json\/wp\/v2\/product\/23324"}],"collection":[{"href":"https:\/\/gautora.lt\/ru\/wp-json\/wp\/v2\/product"}],"about":[{"href":"https:\/\/gautora.lt\/ru\/wp-json\/wp\/v2\/types\/product"}],"wp:featuredmedia":[{"embeddable":true,"href":"https:\/\/gautora.lt\/ru\/wp-json\/wp\/v2\/media\/23329"}],"wp:attachment":[{"href":"https:\/\/gautora.lt\/ru\/wp-json\/wp\/v2\/media?parent=23324"}],"wp:term":[{"taxonomy":"brand","embeddable":true,"href":"https:\/\/gautora.lt\/ru\/wp-json\/wp\/v2\/etheme_brands?post=23324"},{"taxonomy":"product_cat","embeddable":true,"href":"https:\/\/gautora.lt\/ru\/wp-json\/wp\/v2\/product_cat?post=23324"},{"taxonomy":"product_tag","embeddable":true,"href":"https:\/\/gautora.lt\/ru\/wp-json\/wp\/v2\/product_tag?post=23324"}],"curies":[{"name":"wp","href":"https:\/\/api.w.org\/{rel}","templated":true}]}}