{"id":5616,"date":"2022-07-03T15:17:00","date_gmt":"2022-07-03T12:17:00","guid":{"rendered":"https:\/\/gautora.lt\/?page_id=5616"},"modified":"2022-07-03T15:57:58","modified_gmt":"2022-07-03T12:57:58","slug":"bendradarbiavimas","status":"publish","type":"page","link":"https:\/\/gautora.lt\/ru\/bendradarbiavimas\/","title":{"rendered":"\u0421\u043e\u0442\u0440\u0443\u0434\u043d\u0438\u0447\u0435\u0441\u0442\u0432\u043e"},"content":{"rendered":"<section class=\"wpb-content-wrapper\"><div class=\"vc_row wpb_row vc_row-fluid et_custom_uniqid_69e8eb6905c8e\"><div class=\"wpb_column vc_column_container vc_col-sm-12 et_custom_uniqid_69e8eb6905baf\"><div class=\"vc_column-inner\"><div class=\"wpb_wrapper\"><h1 style=\"text-align: left\" class=\"vc_custom_heading vc_custom_1656853075159\" >\u0421\u043e\u0442\u0440\u0443\u0434\u043d\u0438\u0447\u0435\u0441\u0442\u0432\u043e<\/h1>\n\t<div class=\"wpb_text_column wpb_content_element\" >\n\t\t<div class=\"wpb_wrapper\">\n\t\t\t<p>\u041c\u044b \u0440\u0430\u0431\u043e\u0442\u0430\u0435\u043c \u0441 \u0430\u0432\u0442\u043e\u0441\u0435\u0440\u0432\u0438\u0441\u0430\u043c\u0438, \u0430\u0432\u0442\u043e\u0434\u0438\u043b\u0435\u0440\u0430\u043c\u0438 \u0438 \u043f\u0440\u043e\u0434\u0430\u0432\u0446\u0430\u043c\u0438 \u0430\u0432\u0442\u043e\u0437\u0430\u043f\u0447\u0430\u0441\u0442\u0435\u0439. \u0425\u043e\u0442\u0438\u0442\u0435 \u043f\u0440\u0438\u0441\u043e\u0435\u0434\u0438\u043d\u0438\u0442\u044c\u0441\u044f \u043a \u043d\u0430\u043c? \u0421\u0432\u044f\u0436\u0438\u0442\u0435\u0441\u044c \u0441 \u043d\u0430\u043c\u0438, \u0438 \u043c\u044b \u043f\u0440\u0435\u0434\u043b\u043e\u0436\u0438\u043c \u0432\u0430\u043c \u044d\u043a\u0441\u043a\u043b\u044e\u0437\u0438\u0432\u043d\u044b\u0435 \u0443\u0441\u043b\u043e\u0432\u0438\u044f \u043d\u0430 \u0437\u0430\u043f\u0447\u0430\u0441\u0442\u0438 \u0434\u043b\u044f \u043a\u043e\u043c\u043c\u0435\u0440\u0447\u0435\u0441\u043a\u043e\u0433\u043e \u0442\u0440\u0430\u043d\u0441\u043f\u043e\u0440\u0442\u0430. \u0422\u0435\u043b. +370 (630) 50447 , e-mail - sales@gautora.lt<\/p>\n\n\t\t<\/div>\n\t<\/div>\n<\/div><\/div><\/div><\/div>\n<\/section>","protected":false},"excerpt":{"rendered":"Bendradarbiavimas Bendradarbiaujame su servisais, automobili\u0173 pardav\u0117jais ir automobili\u0173 dali\u0173 pardav\u0117jais. Norite prisijungti prie m\u016bs\u0173? Susisiekite ir pasi\u016blysime Jums i\u0161skirtines s\u0105lygas \u012fsigyjant komercinio transporto dalis. Tel. nr. +370 (630) 50447 , el.pa\u0161tas \u2013 sales@gautora.lt","protected":false},"author":1,"featured_media":0,"parent":0,"menu_order":0,"comment_status":"closed","ping_status":"closed","template":"","meta":{"om_disable_all_campaigns":false,"inline_featured_image":false,"_mi_skip_tracking":false,"footnotes":""},"aioseo_notices":[],"jetpack_sharing_enabled":true,"_links":{"self":[{"href":"https:\/\/gautora.lt\/ru\/wp-json\/wp\/v2\/pages\/5616"}],"collection":[{"href":"https:\/\/gautora.lt\/ru\/wp-json\/wp\/v2\/pages"}],"about":[{"href":"https:\/\/gautora.lt\/ru\/wp-json\/wp\/v2\/types\/page"}],"author":[{"embeddable":true,"href":"https:\/\/gautora.lt\/ru\/wp-json\/wp\/v2\/users\/1"}],"replies":[{"embeddable":true,"href":"https:\/\/gautora.lt\/ru\/wp-json\/wp\/v2\/comments?post=5616"}],"version-history":[{"count":3,"href":"https:\/\/gautora.lt\/ru\/wp-json\/wp\/v2\/pages\/5616\/revisions"}],"predecessor-version":[{"id":5637,"href":"https:\/\/gautora.lt\/ru\/wp-json\/wp\/v2\/pages\/5616\/revisions\/5637"}],"wp:attachment":[{"href":"https:\/\/gautora.lt\/ru\/wp-json\/wp\/v2\/media?parent=5616"}],"curies":[{"name":"wp","href":"https:\/\/api.w.org\/{rel}","templated":true}]}}