{"id":5613,"date":"2022-07-03T15:15:28","date_gmt":"2022-07-03T12:15:28","guid":{"rendered":"https:\/\/gautora.lt\/?page_id=5613"},"modified":"2022-07-03T15:31:55","modified_gmt":"2022-07-03T12:31:55","slug":"apie-mus","status":"publish","type":"page","link":"https:\/\/gautora.lt\/ru\/apie-mus\/","title":{"rendered":"\u041e \u043d\u0430\u0441"},"content":{"rendered":"<section class=\"wpb-content-wrapper\"><div class=\"vc_row wpb_row vc_row-fluid et_custom_uniqid_69e7a4c7f05d6\"><div class=\"wpb_column vc_column_container vc_col-sm-12 et_custom_uniqid_69e7a4c7f04ca\"><div class=\"vc_column-inner\"><div class=\"wpb_wrapper\"><h1 style=\"text-align: left\" class=\"vc_custom_heading vc_custom_1656851464865\" >\u041e \u043d\u0430\u0441<\/h1>\n\t<div class=\"wpb_text_column wpb_content_element\" >\n\t\t<div class=\"wpb_wrapper\">\n\t\t\t<p>Gautora UAB - \u043a\u043e\u043c\u043f\u0430\u043d\u0438\u044f, \u043a\u043e\u0442\u043e\u0440\u0430\u044f \u0437\u0430\u043d\u0438\u043c\u0430\u0435\u0442\u0441\u044f \u043e\u043f\u0442\u043e\u0432\u043e\u0439 \u0438 \u0440\u043e\u0437\u043d\u0438\u0447\u043d\u043e\u0439 \u0442\u043e\u0440\u0433\u043e\u0432\u043b\u0435\u0439 \u0437\u0430\u043f\u0447\u0430\u0441\u0442\u044f\u043c\u0438 \u0434\u043b\u044f \u043a\u043e\u043c\u043c\u0435\u0440\u0447\u0435\u0441\u043a\u043e\u0433\u043e \u0442\u0440\u0430\u043d\u0441\u043f\u043e\u0440\u0442\u0430 \u0443\u0436\u0435 \u0431\u043e\u043b\u0435\u0435 \u0434\u0432\u0443\u0445 \u0434\u0435\u0441\u044f\u0442\u0438\u043b\u0435\u0442\u0438\u0439. \u041c\u044b \u043f\u0440\u043e\u0434\u0430\u0435\u043c \u0437\u0430\u043f\u0447\u0430\u0441\u0442\u0438 \u0432\u044b\u0441\u043e\u0447\u0430\u0439\u0448\u0435\u0433\u043e \u043a\u0430\u0447\u0435\u0441\u0442\u0432\u0430 \u043e\u0442 \u0430\u0437\u0438\u0430\u0442\u0441\u043a\u0438\u0445 \u0438 \u0435\u0432\u0440\u043e\u043f\u0435\u0439\u0441\u043a\u0438\u0445 \u043f\u0440\u043e\u0438\u0437\u0432\u043e\u0434\u0438\u0442\u0435\u043b\u0435\u0439, \u0437\u0430\u043a\u0443\u043f\u0430\u044f \u0438\u0445 \u043d\u0430\u043f\u0440\u044f\u043c\u0443\u044e \u0443 \u0438\u0437\u0433\u043e\u0442\u043e\u0432\u0438\u0442\u0435\u043b\u0435\u0439.<\/p>\n<p>\u041c\u044b \u0442\u043e\u0440\u0433\u0443\u0435\u043c \u043d\u0435 \u0442\u043e\u043b\u044c\u043a\u043e \u0432 \u041b\u0438\u0442\u0432\u0435, \u043d\u043e \u0438 \u044d\u043a\u0441\u043f\u043e\u0440\u0442\u0438\u0440\u0443\u0435\u043c \u043d\u0430\u0448\u0438 \u0442\u043e\u0432\u0430\u0440\u044b \u0432 \u0434\u0440\u0443\u0433\u0438\u0435 \u0441\u0442\u0440\u0430\u043d\u044b \u0415\u0432\u0440\u043e\u043f\u044b \u0438 \u0421\u041d\u0413. \u041c\u044b \u043c\u043e\u0436\u0435\u043c \u043f\u043e\u0445\u0432\u0430\u0441\u0442\u0430\u0442\u044c\u0441\u044f \u043d\u0435 \u0442\u043e\u043b\u044c\u043a\u043e \u0431\u043e\u043b\u044c\u0448\u0438\u043c \u0438 \u0440\u0430\u0437\u043d\u043e\u043e\u0431\u0440\u0430\u0437\u043d\u044b\u043c \u0430\u0441\u0441\u043e\u0440\u0442\u0438\u043c\u0435\u043d\u0442\u043e\u043c \u0434\u043b\u044f \u043a\u043e\u043c\u043c\u0435\u0440\u0447\u0435\u0441\u043a\u043e\u0433\u043e \u0442\u0440\u0430\u043d\u0441\u043f\u043e\u0440\u0442\u0430, \u043d\u043e \u0438 \u043f\u043e\u043b\u043d\u044b\u043c \u0441\u043f\u0435\u043a\u0442\u0440\u043e\u043c \u0434\u043e\u0441\u0442\u0443\u043f\u043d\u044b\u0445 \u0441\u043a\u043b\u0430\u0434\u0441\u043a\u0438\u0445 \u043f\u043e\u0437\u0438\u0446\u0438\u0439.<\/p>\n<p>\u041d\u0430\u0448\u0430 \u0446\u0435\u043b\u044c - \u043f\u0440\u0435\u0434\u043b\u043e\u0436\u0438\u0442\u044c \u043d\u0430\u0448\u0438\u043c \u043a\u043b\u0438\u0435\u043d\u0442\u0430\u043c \u043d\u0430\u0438\u043b\u0443\u0447\u0448\u0435\u0435 \u0441\u043e\u043e\u0442\u043d\u043e\u0448\u0435\u043d\u0438\u0435 \u0446\u0435\u043d\u044b \u0438 \u043a\u0430\u0447\u0435\u0441\u0442\u0432\u0430. \u0423\u0441\u043f\u0435\u0445 \u043a\u043e\u043c\u043f\u0430\u043d\u0438\u0438 \u0438 \u0435\u0435 \u0440\u0435\u043f\u0443\u0442\u0430\u0446\u0438\u044f \u043d\u0430 \u0440\u044b\u043d\u043a\u0435 - \u044d\u0442\u043e \u0440\u0435\u0437\u0443\u043b\u044c\u0442\u0430\u0442 \u0446\u0435\u043b\u0435\u043d\u0430\u043f\u0440\u0430\u0432\u043b\u0435\u043d\u043d\u043e\u0439 \u0438 \u0442\u0449\u0430\u0442\u0435\u043b\u044c\u043d\u043e\u0439 \u0440\u0430\u0431\u043e\u0442\u044b \u0441 \u043a\u0430\u0436\u0434\u044b\u043c \u043a\u043b\u0438\u0435\u043d\u0442\u043e\u043c \u0432 \u043e\u0442\u0434\u0435\u043b\u044c\u043d\u043e\u0441\u0442\u0438!<\/p>\n\n\t\t<\/div>\n\t<\/div>\n<\/div><\/div><\/div><\/div>\n<\/section>","protected":false},"excerpt":{"rendered":"Apie mus UAB \u201cGautora\u201d \u012fmon\u0117, kuri daugiau negu du de\u0161imtme\u010dius u\u017esiima didmenine ir ma\u017emenine prekyba komercinio transporto dalimis. Prekiaujame auk\u0161\u010diausios kokyb\u0117s Azijos bei Europos gamintoj\u0173 detal\u0117mis, kurias perkame tiesiogiai i\u0161 gamintoj\u0173. Prekyba vystome ne tik Lietuvoje, bet ir eksportuojame savo prekes \u012f kitas Europos bei...","protected":false},"author":1,"featured_media":0,"parent":0,"menu_order":0,"comment_status":"closed","ping_status":"closed","template":"","meta":{"om_disable_all_campaigns":false,"inline_featured_image":false,"_mi_skip_tracking":false,"footnotes":""},"aioseo_notices":[],"jetpack_sharing_enabled":true,"_links":{"self":[{"href":"https:\/\/gautora.lt\/ru\/wp-json\/wp\/v2\/pages\/5613"}],"collection":[{"href":"https:\/\/gautora.lt\/ru\/wp-json\/wp\/v2\/pages"}],"about":[{"href":"https:\/\/gautora.lt\/ru\/wp-json\/wp\/v2\/types\/page"}],"author":[{"embeddable":true,"href":"https:\/\/gautora.lt\/ru\/wp-json\/wp\/v2\/users\/1"}],"replies":[{"embeddable":true,"href":"https:\/\/gautora.lt\/ru\/wp-json\/wp\/v2\/comments?post=5613"}],"version-history":[{"count":3,"href":"https:\/\/gautora.lt\/ru\/wp-json\/wp\/v2\/pages\/5613\/revisions"}],"predecessor-version":[{"id":5625,"href":"https:\/\/gautora.lt\/ru\/wp-json\/wp\/v2\/pages\/5613\/revisions\/5625"}],"wp:attachment":[{"href":"https:\/\/gautora.lt\/ru\/wp-json\/wp\/v2\/media?parent=5613"}],"curies":[{"name":"wp","href":"https:\/\/api.w.org\/{rel}","templated":true}]}}