{"id":10350,"date":"2023-07-17T07:02:38","date_gmt":"2023-07-17T04:02:38","guid":{"rendered":"https:\/\/gautora.lt\/?page_id=10350"},"modified":"2023-07-17T07:03:20","modified_gmt":"2023-07-17T04:03:20","slug":"thank-you","status":"publish","type":"page","link":"https:\/\/gautora.lt\/ru\/thank-you\/","title":{"rendered":"\u0421\u043f\u0430\u0441\u0438\u0431\u043e."},"content":{"rendered":"<section class=\"wpb-content-wrapper\"><div class=\"vc_row wpb_row vc_row-fluid et_custom_uniqid_69e114d40be38\"><div class=\"wpb_column vc_column_container vc_col-sm-12 et_custom_uniqid_69e114d40bd3a\"><div class=\"vc_column-inner\"><div class=\"wpb_wrapper\"><h1 style=\"text-align: center\" class=\"vc_custom_heading vc_custom_1689566546016\" >\u041c\u044b \u043f\u043e\u043b\u0443\u0447\u0438\u043b\u0438 \u0432\u0430\u0448 \u0437\u0430\u043a\u0430\u0437<\/h1><h2 style=\"text-align: center\" class=\"vc_custom_heading vc_custom_1689566599089\" >\u0421\u043f\u0430\u0441\u0438\u0431\u043e \u0437\u0430 \u043f\u043e\u043a\u0443\u043f\u043a\u0443<\/h2><\/div><\/div><\/div><\/div>\n<\/section>","protected":false},"excerpt":{"rendered":"J\u016bs\u0173 u\u017esakym\u0105 gavomeA\u010di\u016b, kad pirkote","protected":false},"author":1,"featured_media":0,"parent":0,"menu_order":0,"comment_status":"closed","ping_status":"closed","template":"","meta":{"om_disable_all_campaigns":false,"inline_featured_image":false,"_mi_skip_tracking":false,"footnotes":""},"aioseo_notices":[],"jetpack_sharing_enabled":true,"_links":{"self":[{"href":"https:\/\/gautora.lt\/ru\/wp-json\/wp\/v2\/pages\/10350"}],"collection":[{"href":"https:\/\/gautora.lt\/ru\/wp-json\/wp\/v2\/pages"}],"about":[{"href":"https:\/\/gautora.lt\/ru\/wp-json\/wp\/v2\/types\/page"}],"author":[{"embeddable":true,"href":"https:\/\/gautora.lt\/ru\/wp-json\/wp\/v2\/users\/1"}],"replies":[{"embeddable":true,"href":"https:\/\/gautora.lt\/ru\/wp-json\/wp\/v2\/comments?post=10350"}],"version-history":[{"count":5,"href":"https:\/\/gautora.lt\/ru\/wp-json\/wp\/v2\/pages\/10350\/revisions"}],"predecessor-version":[{"id":10355,"href":"https:\/\/gautora.lt\/ru\/wp-json\/wp\/v2\/pages\/10350\/revisions\/10355"}],"wp:attachment":[{"href":"https:\/\/gautora.lt\/ru\/wp-json\/wp\/v2\/media?parent=10350"}],"curies":[{"name":"wp","href":"https:\/\/api.w.org\/{rel}","templated":true}]}}