{"id":5616,"date":"2022-07-03T15:17:00","date_gmt":"2022-07-03T12:17:00","guid":{"rendered":"https:\/\/gautora.lt\/?page_id=5616"},"modified":"2022-07-03T15:57:58","modified_gmt":"2022-07-03T12:57:58","slug":"bendradarbiavimas","status":"publish","type":"page","link":"https:\/\/gautora.lt\/en\/bendradarbiavimas\/","title":{"rendered":"Collaboration"},"content":{"rendered":"<section class=\"wpb-content-wrapper\"><div class=\"vc_row wpb_row vc_row-fluid et_custom_uniqid_69d35fa13ce9a\"><div class=\"wpb_column vc_column_container vc_col-sm-12 et_custom_uniqid_69d35fa13cdab\"><div class=\"vc_column-inner\"><div class=\"wpb_wrapper\"><h1 style=\"text-align: left\" class=\"vc_custom_heading vc_custom_1656853075159\" >Collaboration<\/h1>\n\t<div class=\"wpb_text_column wpb_content_element\" >\n\t\t<div class=\"wpb_wrapper\">\n\t\t\t<p>We work with garages, car dealers and car parts dealers. Want to join us? Get in touch and we'll offer you exclusive terms for commercial vehicle parts. Tel. +370 (630) 50447 , e-mail - sales@gautora.lt<\/p>\n\n\t\t<\/div>\n\t<\/div>\n<\/div><\/div><\/div><\/div>\n<\/section>","protected":false},"excerpt":{"rendered":"Bendradarbiavimas Bendradarbiaujame su servisais, automobili\u0173 pardav\u0117jais ir automobili\u0173 dali\u0173 pardav\u0117jais. Norite prisijungti prie m\u016bs\u0173? Susisiekite ir pasi\u016blysime Jums i\u0161skirtines s\u0105lygas \u012fsigyjant komercinio transporto dalis. Tel. nr. +370 (630) 50447 , el.pa\u0161tas \u2013 sales@gautora.lt","protected":false},"author":1,"featured_media":0,"parent":0,"menu_order":0,"comment_status":"closed","ping_status":"closed","template":"","meta":{"om_disable_all_campaigns":false,"inline_featured_image":false,"_mi_skip_tracking":false,"footnotes":""},"aioseo_notices":[],"jetpack_sharing_enabled":true,"_links":{"self":[{"href":"https:\/\/gautora.lt\/en\/wp-json\/wp\/v2\/pages\/5616"}],"collection":[{"href":"https:\/\/gautora.lt\/en\/wp-json\/wp\/v2\/pages"}],"about":[{"href":"https:\/\/gautora.lt\/en\/wp-json\/wp\/v2\/types\/page"}],"author":[{"embeddable":true,"href":"https:\/\/gautora.lt\/en\/wp-json\/wp\/v2\/users\/1"}],"replies":[{"embeddable":true,"href":"https:\/\/gautora.lt\/en\/wp-json\/wp\/v2\/comments?post=5616"}],"version-history":[{"count":3,"href":"https:\/\/gautora.lt\/en\/wp-json\/wp\/v2\/pages\/5616\/revisions"}],"predecessor-version":[{"id":5637,"href":"https:\/\/gautora.lt\/en\/wp-json\/wp\/v2\/pages\/5616\/revisions\/5637"}],"wp:attachment":[{"href":"https:\/\/gautora.lt\/en\/wp-json\/wp\/v2\/media?parent=5616"}],"curies":[{"name":"wp","href":"https:\/\/api.w.org\/{rel}","templated":true}]}}