{"id":5613,"date":"2022-07-03T15:15:28","date_gmt":"2022-07-03T12:15:28","guid":{"rendered":"https:\/\/gautora.lt\/?page_id=5613"},"modified":"2022-07-03T15:31:55","modified_gmt":"2022-07-03T12:31:55","slug":"apie-mus","status":"publish","type":"page","link":"https:\/\/gautora.lt\/en\/apie-mus\/","title":{"rendered":"About us"},"content":{"rendered":"<section class=\"wpb-content-wrapper\"><div class=\"vc_row wpb_row vc_row-fluid et_custom_uniqid_69d360fca592d\"><div class=\"wpb_column vc_column_container vc_col-sm-12 et_custom_uniqid_69d360fca588f\"><div class=\"vc_column-inner\"><div class=\"wpb_wrapper\"><h1 style=\"text-align: left\" class=\"vc_custom_heading vc_custom_1656851464865\" >About us<\/h1>\n\t<div class=\"wpb_text_column wpb_content_element\" >\n\t\t<div class=\"wpb_wrapper\">\n\t\t\t<p>Gautora UAB is a company that has been involved in the wholesale and retail trade of commercial vehicle parts for more than two decades. We sell the highest quality parts from Asian and European manufacturers, bought directly from the manufacturers.<\/p>\n<p>We trade not only in Lithuania, but also export our goods to other European and CIS countries. We can boast not only a large and varied assortment for commercial transport, but also a full range of available stock items.<\/p>\n<p>Our aim is to offer our customers the best value for money. The success of the company and its reputation on the market is the result of targeted and careful work with each customer individually!<\/p>\n\n\t\t<\/div>\n\t<\/div>\n<\/div><\/div><\/div><\/div>\n<\/section>","protected":false},"excerpt":{"rendered":"Apie mus UAB \u201cGautora\u201d \u012fmon\u0117, kuri daugiau negu du de\u0161imtme\u010dius u\u017esiima didmenine ir ma\u017emenine prekyba komercinio transporto dalimis. Prekiaujame auk\u0161\u010diausios kokyb\u0117s Azijos bei Europos gamintoj\u0173 detal\u0117mis, kurias perkame tiesiogiai i\u0161 gamintoj\u0173. Prekyba vystome ne tik Lietuvoje, bet ir eksportuojame savo prekes \u012f kitas Europos bei...","protected":false},"author":1,"featured_media":0,"parent":0,"menu_order":0,"comment_status":"closed","ping_status":"closed","template":"","meta":{"om_disable_all_campaigns":false,"inline_featured_image":false,"_mi_skip_tracking":false,"footnotes":""},"aioseo_notices":[],"jetpack_sharing_enabled":true,"_links":{"self":[{"href":"https:\/\/gautora.lt\/en\/wp-json\/wp\/v2\/pages\/5613"}],"collection":[{"href":"https:\/\/gautora.lt\/en\/wp-json\/wp\/v2\/pages"}],"about":[{"href":"https:\/\/gautora.lt\/en\/wp-json\/wp\/v2\/types\/page"}],"author":[{"embeddable":true,"href":"https:\/\/gautora.lt\/en\/wp-json\/wp\/v2\/users\/1"}],"replies":[{"embeddable":true,"href":"https:\/\/gautora.lt\/en\/wp-json\/wp\/v2\/comments?post=5613"}],"version-history":[{"count":3,"href":"https:\/\/gautora.lt\/en\/wp-json\/wp\/v2\/pages\/5613\/revisions"}],"predecessor-version":[{"id":5625,"href":"https:\/\/gautora.lt\/en\/wp-json\/wp\/v2\/pages\/5613\/revisions\/5625"}],"wp:attachment":[{"href":"https:\/\/gautora.lt\/en\/wp-json\/wp\/v2\/media?parent=5613"}],"curies":[{"name":"wp","href":"https:\/\/api.w.org\/{rel}","templated":true}]}}