{"id":4929,"date":"2018-10-01T09:41:29","date_gmt":"2018-10-01T06:41:29","guid":{"rendered":"https:\/\/xstore.8theme.com\/demos\/2\/electron01\/?page_id=4929"},"modified":"2022-07-14T19:26:36","modified_gmt":"2022-07-14T16:26:36","slug":"kontaktai","status":"publish","type":"page","link":"https:\/\/gautora.lt\/en\/kontaktai\/","title":{"rendered":"Contact"},"content":{"rendered":"<section class=\"wpb-content-wrapper\"><div class=\"vc_row wpb_row vc_row-fluid et_custom_uniqid_69d4931bbaaaa\"><div class=\"wpb_column vc_column_container vc_col-sm-12 et_custom_uniqid_new_62c480bfe7f69\"><div class=\"vc_column-inner vc_custom_1657045187644\"><div class=\"wpb_wrapper\">\n\t<div class=\"wpb_raw_code wpb_content_element wpb_raw_html\" >\n\t\t<div class=\"wpb_wrapper\">\n\t\t\t<iframe loading=\"lazy\" src=\"https:\/\/snazzymaps.com\/embed\/405512\" width=\"100%\" height=\"600px\" style=\"border:none;\"><\/iframe>\n\t\t<\/div>\n\t<\/div>\n<\/div><\/div><\/div><\/div><div class=\"vc_row wpb_row vc_row-fluid et_custom_uniqid_69d4931bbaaaa\"><div class=\"wpb_column vc_column_container vc_col-sm-12 et_custom_uniqid_69d4931bba9ba\"><div class=\"vc_column-inner vc_custom_1533364400397\"><div class=\"wpb_wrapper\">\n\t<div class=\"wpb_text_column wpb_content_element  vc_custom_1656851683498\" >\n\t\t<div class=\"wpb_wrapper\">\n\t\t\t<h3>Email us<\/h3>\n\n\t\t<\/div>\n\t<\/div>\n\n\t<div class=\"wpb_text_column wpb_content_element  vc_custom_1657815980209\" >\n\t\t<div class=\"wpb_wrapper\">\n\t\t\t<h4 class=\"vc_custom_heading no-uppercase\">If you have a problem choosing a product or simply encounter a technical glitch, please contact us and we will help you<\/h4>\n\n\t\t<\/div>\n\t<\/div>\n\n\t<div class=\"wpb_text_column wpb_content_element  vc_custom_1656852407480\" >\n\t\t<div class=\"wpb_wrapper\">\n\t\t\t<div class=\"wpcf7 no-js\" id=\"wpcf7-f13-o1\" lang=\"lt-LT\" dir=\"ltr\">\n<div class=\"screen-reader-response\"><p role=\"status\" aria-live=\"polite\" aria-atomic=\"true\"><\/p> <ul><\/ul><\/div>\n<form action=\"\/en\/wp-json\/wp\/v2\/pages\/4929#wpcf7-f13-o1\" method=\"post\" class=\"wpcf7-form init\" aria-label=\"Contact form\" novalidate=\"novalidate\" data-status=\"init\" data-trp-original-action=\"\/en\/wp-json\/wp\/v2\/pages\/4929#wpcf7-f13-o1\">\n<div style=\"display: none;\">\n<input type=\"hidden\" name=\"_wpcf7\" value=\"13\" \/>\n<input type=\"hidden\" name=\"_wpcf7_version\" value=\"5.7.2\" \/>\n<input type=\"hidden\" name=\"_wpcf7_locale\" value=\"lt_LT\" \/>\n<input type=\"hidden\" name=\"_wpcf7_unit_tag\" value=\"wpcf7-f13-o1\" \/>\n<input type=\"hidden\" name=\"_wpcf7_container_post\" value=\"0\" \/>\n<input type=\"hidden\" name=\"_wpcf7_posted_data_hash\" value=\"\" \/>\n<input type=\"hidden\" name=\"_wpcf7_recaptcha_response\" value=\"\" \/>\n<\/div>\n<p><label> Your name<br \/>\n<span class=\"wpcf7-form-control-wrap\" data-name=\"your-name\"><input size=\"40\" class=\"wpcf7-form-control wpcf7-text wpcf7-validates-as-required\" aria-required=\"true\" aria-invalid=\"false\" value=\"\" type=\"text\" name=\"your-name\" \/><\/span> <\/label>\n<\/p>\n<p><label> Email<br \/>\n<span class=\"wpcf7-form-control-wrap\" data-name=\"your-email\"><input size=\"40\" class=\"wpcf7-form-control wpcf7-text wpcf7-email wpcf7-validates-as-required wpcf7-validates-as-email\" aria-required=\"true\" aria-invalid=\"false\" value=\"\" type=\"email\" name=\"your-email\" \/><\/span> <\/label>\n<\/p>\n<p><label> Subject<br \/>\n<span class=\"wpcf7-form-control-wrap\" data-name=\"your-subject\"><input size=\"40\" class=\"wpcf7-form-control wpcf7-text wpcf7-validates-as-required\" aria-required=\"true\" aria-invalid=\"false\" value=\"\" type=\"text\" name=\"your-subject\" \/><\/span> <\/label>\n<\/p>\n<p><label> Message (optional)<br \/>\n<span class=\"wpcf7-form-control-wrap\" data-name=\"your-message\"><textarea cols=\"40\" rows=\"10\" class=\"wpcf7-form-control wpcf7-textarea\" aria-invalid=\"false\" name=\"your-message\"><\/textarea><\/span> <\/label>\n<\/p>\n<p><input class=\"wpcf7-form-control has-spinner wpcf7-submit\" type=\"submit\" value=\"Send a message\" \/>\n<\/p><div class=\"wpcf7-response-output\" aria-hidden=\"true\"><\/div><input type=\"hidden\" name=\"trp-form-language\" value=\"en\"\/><\/form><\/div>\n\n\t\t<\/div>\n\t<\/div>\n<\/div><\/div><\/div><\/div>\n<\/section>","protected":false},"excerpt":{"rendered":"Para\u0161ykite mums I\u0161kilo problema renkantis prek\u0119 ar tiesiog susid\u016br\u0117te su techniniais trikd\u017eiais, susisiekite ir mes Jums pagelb\u0117sime J\u016bs\u0173 vardas El. pa\u0161tas Tema \u017dinut\u0117 (pasirenkama)","protected":false},"author":1,"featured_media":0,"parent":0,"menu_order":0,"comment_status":"closed","ping_status":"closed","template":"","meta":{"om_disable_all_campaigns":false,"inline_featured_image":false,"_mi_skip_tracking":false,"footnotes":""},"aioseo_notices":[],"jetpack_sharing_enabled":true,"_links":{"self":[{"href":"https:\/\/gautora.lt\/en\/wp-json\/wp\/v2\/pages\/4929"}],"collection":[{"href":"https:\/\/gautora.lt\/en\/wp-json\/wp\/v2\/pages"}],"about":[{"href":"https:\/\/gautora.lt\/en\/wp-json\/wp\/v2\/types\/page"}],"author":[{"embeddable":true,"href":"https:\/\/gautora.lt\/en\/wp-json\/wp\/v2\/users\/1"}],"replies":[{"embeddable":true,"href":"https:\/\/gautora.lt\/en\/wp-json\/wp\/v2\/comments?post=4929"}],"version-history":[{"count":8,"href":"https:\/\/gautora.lt\/en\/wp-json\/wp\/v2\/pages\/4929\/revisions"}],"predecessor-version":[{"id":7443,"href":"https:\/\/gautora.lt\/en\/wp-json\/wp\/v2\/pages\/4929\/revisions\/7443"}],"wp:attachment":[{"href":"https:\/\/gautora.lt\/en\/wp-json\/wp\/v2\/media?parent=4929"}],"curies":[{"name":"wp","href":"https:\/\/api.w.org\/{rel}","templated":true}]}}